{"id":613,"date":"2021-08-03T21:26:21","date_gmt":"2021-08-03T21:26:21","guid":{"rendered":"https:\/\/www.judo-taiso-cuvry.fr\/?page_id=613"},"modified":"2021-09-11T16:51:52","modified_gmt":"2021-09-11T16:51:52","slug":"judo-3","status":"publish","type":"page","link":"https:\/\/www.judo-taiso-cuvry.fr\/?page_id=613","title":{"rendered":"Judo"},"content":{"rendered":"\t\t<div data-elementor-type=\"wp-page\" data-elementor-id=\"613\" class=\"elementor elementor-613\">\n\t\t\t\t\t\t\t\t\t<section class=\"elementor-section elementor-top-section elementor-element elementor-element-65df299 elementor-section-boxed elementor-section-height-default elementor-section-height-default\" data-id=\"65df299\" data-element_type=\"section\" data-settings=\"{&quot;background_background&quot;:&quot;gradient&quot;}\">\n\t\t\t\t\t\t<div class=\"elementor-container elementor-column-gap-default\">\n\t\t\t\t\t<div class=\"elementor-column elementor-col-100 elementor-top-column elementor-element elementor-element-fc0a66d\" data-id=\"fc0a66d\" data-element_type=\"column\">\n\t\t\t<div class=\"elementor-widget-wrap elementor-element-populated\">\n\t\t\t\t\t\t\t\t<div class=\"elementor-element elementor-element-3265a92 elementor-widget elementor-widget-spacer\" data-id=\"3265a92\" data-element_type=\"widget\" data-widget_type=\"spacer.default\">\n\t\t\t\t<div class=\"elementor-widget-container\">\n\t\t\t\t\t<div class=\"elementor-spacer\">\n\t\t\t<div class=\"elementor-spacer-inner\"><\/div>\n\t\t<\/div>\n\t\t\t\t<\/div>\n\t\t\t\t<\/div>\n\t\t\t\t\t<\/div>\n\t\t<\/div>\n\t\t\t\t\t\t\t<\/div>\n\t\t<\/section>\n\t\t\t\t<section class=\"elementor-section elementor-top-section elementor-element elementor-element-d6795ff elementor-section-boxed elementor-section-height-default elementor-section-height-default\" data-id=\"d6795ff\" data-element_type=\"section\">\n\t\t\t\t\t\t<div class=\"elementor-container elementor-column-gap-default\">\n\t\t\t\t\t<div class=\"elementor-column elementor-col-100 elementor-top-column elementor-element elementor-element-d63c3aa\" data-id=\"d63c3aa\" data-element_type=\"column\">\n\t\t\t<div class=\"elementor-widget-wrap elementor-element-populated\">\n\t\t\t\t\t\t\t\t<div class=\"elementor-element elementor-element-3fbf227 elementor-widget elementor-widget-heading\" data-id=\"3fbf227\" data-element_type=\"widget\" data-widget_type=\"heading.default\">\n\t\t\t\t<div class=\"elementor-widget-container\">\n\t\t\t<h1 class=\"elementor-heading-title elementor-size-default\">Judo<\/h1>\t\t<\/div>\n\t\t\t\t<\/div>\n\t\t\t\t<section class=\"elementor-section elementor-inner-section elementor-element elementor-element-bb20daa elementor-section-boxed elementor-section-height-default elementor-section-height-default\" data-id=\"bb20daa\" data-element_type=\"section\">\n\t\t\t\t\t\t<div class=\"elementor-container elementor-column-gap-default\">\n\t\t\t\t\t<div class=\"elementor-column elementor-col-50 elementor-inner-column elementor-element elementor-element-c470fe8\" data-id=\"c470fe8\" data-element_type=\"column\">\n\t\t\t<div class=\"elementor-widget-wrap elementor-element-populated\">\n\t\t\t\t\t\t\t\t<div class=\"elementor-element elementor-element-9be61fc elementor-icon-list--layout-traditional elementor-list-item-link-full_width elementor-widget elementor-widget-icon-list\" data-id=\"9be61fc\" data-element_type=\"widget\" data-widget_type=\"icon-list.default\">\n\t\t\t\t<div class=\"elementor-widget-container\">\n\t\t\t\t\t<ul class=\"elementor-icon-list-items\">\n\t\t\t\t\t\t\t<li class=\"elementor-icon-list-item\">\n\t\t\t\t\t\t\t\t\t\t\t<a href=\"https:\/\/www.judo-taiso-cuvry.fr\/?page_id=1347\">\n\n\t\t\t\t\t\t\t\t\t\t\t\t<span class=\"elementor-icon-list-icon\">\n\t\t\t\t\t\t\t<i aria-hidden=\"true\" class=\"fas fa-compress-arrows-alt\"><\/i>\t\t\t\t\t\t<\/span>\n\t\t\t\t\t\t\t\t\t\t<span class=\"elementor-icon-list-text\">Cliquez ici pour vous inscrire<\/span>\n\t\t\t\t\t\t\t\t\t\t\t<\/a>\n\t\t\t\t\t\t\t\t\t<\/li>\n\t\t\t\t\t\t<\/ul>\n\t\t\t\t<\/div>\n\t\t\t\t<\/div>\n\t\t\t\t\t<\/div>\n\t\t<\/div>\n\t\t\t\t<div class=\"elementor-column elementor-col-50 elementor-inner-column elementor-element elementor-element-ba6c598\" data-id=\"ba6c598\" data-element_type=\"column\">\n\t\t\t<div class=\"elementor-widget-wrap elementor-element-populated\">\n\t\t\t\t\t\t\t\t<div class=\"elementor-element elementor-element-8772dc1 elementor-widget elementor-widget-alert\" data-id=\"8772dc1\" data-element_type=\"widget\" data-widget_type=\"alert.default\">\n\t\t\t\t<div class=\"elementor-widget-container\">\n\t\t\t\t\t<div class=\"elementor-alert elementor-alert-info\" role=\"alert\">\n\t\t\t<span class=\"elementor-alert-title\">Information \u00e0 la section Judo<\/span>\n\t\t\t\t\t\t\t<span class=\"elementor-alert-description\">Nous cours ont repris! Venez essayer un samedi matin \u00e0 10H00.<\/span>\n\t\t\t\t\t\t\t\t\t\t<button type=\"button\" class=\"elementor-alert-dismiss\">\n\t\t\t\t\t\t\t\t\t\t\t<span aria-hidden=\"true\">&times;<\/span>\n\t\t\t\t\t\t\t\t\t\t<span class=\"elementor-screen-only\">Rejeter l\u2019alerte<\/span>\n\t\t\t\t<\/button>\n\t\t\t\t\t<\/div>\n\t\t\t\t<\/div>\n\t\t\t\t<\/div>\n\t\t\t\t\t<\/div>\n\t\t<\/div>\n\t\t\t\t\t\t\t<\/div>\n\t\t<\/section>\n\t\t\t\t\t<\/div>\n\t\t<\/div>\n\t\t\t\t\t\t\t<\/div>\n\t\t<\/section>\n\t\t\t\t<section class=\"elementor-section elementor-top-section elementor-element elementor-element-agosbi9 elementor-section-boxed elementor-section-height-default elementor-section-height-default\" data-id=\"agosbi9\" data-element_type=\"section\" data-settings=\"{&quot;background_background&quot;:&quot;classic&quot;}\">\n\t\t\t\t\t\t<div class=\"elementor-container elementor-column-gap-default\">\n\t\t\t\t\t<div class=\"elementor-column elementor-col-33 elementor-top-column elementor-element elementor-element-ef51jsm\" data-id=\"ef51jsm\" data-element_type=\"column\">\n\t\t\t<div class=\"elementor-widget-wrap elementor-element-populated\">\n\t\t\t\t\t\t\t\t<div class=\"elementor-element elementor-element-a8342ab elementor-widget elementor-widget-text-editor\" data-id=\"a8342ab\" data-element_type=\"widget\" data-widget_type=\"text-editor.default\">\n\t\t\t\t<div class=\"elementor-widget-container\">\n\t\t\t\t\t\t\t<h1>La section Judo<\/h1><p>Le club de Judo Ta\u00efso de Cuvry s&rsquo;est form\u00e9 lors de l&rsquo;ouverture du gymnase Roland Richard de Cuvry en 2018.<br \/>Sous l&rsquo;impulsion de son pr\u00e9sident, Vincent Dumser, le club est rapidement pass\u00e9 d&rsquo;un cours de judo le samedi matin \u00e0 deux s\u00e9ances par semaine pour des judoka de 4 ans ) 12 ans d\u00e8s la rentr\u00e9e de septembre 2019.<br \/>Le club a \u00e9t\u00e9 l&rsquo;un des premiers club \u00e0 participer aux journ\u00e9es des sports de Cuvry.<br \/>Aujourd&rsquo;hui, le club compte un peu plus de 40 adh\u00e9rents.<\/p>\t\t\t\t\t\t<\/div>\n\t\t\t\t<\/div>\n\t\t\t\t\t<\/div>\n\t\t<\/div>\n\t\t\t\t<div class=\"elementor-column elementor-col-33 elementor-top-column elementor-element elementor-element-tfzdq28\" data-id=\"tfzdq28\" data-element_type=\"column\">\n\t\t\t<div class=\"elementor-widget-wrap\">\n\t\t\t\t\t\t\t\t\t<\/div>\n\t\t<\/div>\n\t\t\t\t<div class=\"elementor-column elementor-col-33 elementor-top-column elementor-element elementor-element-l2vxdft\" data-id=\"l2vxdft\" data-element_type=\"column\">\n\t\t\t<div class=\"elementor-widget-wrap elementor-element-populated\">\n\t\t\t\t\t\t\t\t<div class=\"elementor-element elementor-element-2eb9a0c elementor-widget elementor-widget-image\" data-id=\"2eb9a0c\" data-element_type=\"widget\" data-widget_type=\"image.default\">\n\t\t\t\t<div class=\"elementor-widget-container\">\n\t\t\t\t\t\t\t\t\t\t\t\t\t\t\t<img decoding=\"async\" width=\"1024\" height=\"683\" src=\"https:\/\/www.judo-taiso-cuvry.fr\/wp-content\/uploads\/2019\/09\/IMG_0003-1-1024x683.jpg\" class=\"attachment-large size-large wp-image-686\" alt=\"\" loading=\"lazy\" srcset=\"https:\/\/www.judo-taiso-cuvry.fr\/wp-content\/uploads\/2019\/09\/IMG_0003-1-1024x683.jpg 1024w, https:\/\/www.judo-taiso-cuvry.fr\/wp-content\/uploads\/2019\/09\/IMG_0003-1-300x200.jpg 300w, https:\/\/www.judo-taiso-cuvry.fr\/wp-content\/uploads\/2019\/09\/IMG_0003-1-768x512.jpg 768w, https:\/\/www.judo-taiso-cuvry.fr\/wp-content\/uploads\/2019\/09\/IMG_0003-1-1536x1024.jpg 1536w, https:\/\/www.judo-taiso-cuvry.fr\/wp-content\/uploads\/2019\/09\/IMG_0003-1.jpg 2048w\" sizes=\"(max-width: 1024px) 100vw, 1024px\" \/>\t\t\t\t\t\t\t\t\t\t\t\t\t\t\t<\/div>\n\t\t\t\t<\/div>\n\t\t\t\t\t<\/div>\n\t\t<\/div>\n\t\t\t\t\t\t\t<\/div>\n\t\t<\/section>\n\t\t\t\t<section class=\"elementor-section elementor-top-section elementor-element elementor-element-cc76acb elementor-section-boxed elementor-section-height-default elementor-section-height-default\" data-id=\"cc76acb\" data-element_type=\"section\">\n\t\t\t\t\t\t<div class=\"elementor-container elementor-column-gap-default\">\n\t\t\t\t\t<div class=\"elementor-column elementor-col-50 elementor-top-column elementor-element elementor-element-35212e1\" data-id=\"35212e1\" data-element_type=\"column\">\n\t\t\t<div class=\"elementor-widget-wrap elementor-element-populated\">\n\t\t\t\t\t\t\t\t<div class=\"elementor-element elementor-element-69ff582 elementor-widget elementor-widget-image\" data-id=\"69ff582\" data-element_type=\"widget\" data-widget_type=\"image.default\">\n\t\t\t\t<div class=\"elementor-widget-container\">\n\t\t\t\t\t\t\t\t\t\t\t\t\t\t\t<img decoding=\"async\" width=\"1024\" height=\"683\" src=\"https:\/\/www.judo-taiso-cuvry.fr\/wp-content\/uploads\/2021\/08\/IMG_1645-1024x683.jpg\" class=\"attachment-large size-large wp-image-762\" alt=\"\" loading=\"lazy\" srcset=\"https:\/\/www.judo-taiso-cuvry.fr\/wp-content\/uploads\/2021\/08\/IMG_1645-1024x683.jpg 1024w, https:\/\/www.judo-taiso-cuvry.fr\/wp-content\/uploads\/2021\/08\/IMG_1645-300x200.jpg 300w, https:\/\/www.judo-taiso-cuvry.fr\/wp-content\/uploads\/2021\/08\/IMG_1645-768x512.jpg 768w, https:\/\/www.judo-taiso-cuvry.fr\/wp-content\/uploads\/2021\/08\/IMG_1645-1536x1024.jpg 1536w, https:\/\/www.judo-taiso-cuvry.fr\/wp-content\/uploads\/2021\/08\/IMG_1645.jpg 2048w\" sizes=\"(max-width: 1024px) 100vw, 1024px\" \/>\t\t\t\t\t\t\t\t\t\t\t\t\t\t\t<\/div>\n\t\t\t\t<\/div>\n\t\t\t\t\t<\/div>\n\t\t<\/div>\n\t\t\t\t<div class=\"elementor-column elementor-col-50 elementor-top-column elementor-element elementor-element-156369d\" data-id=\"156369d\" data-element_type=\"column\">\n\t\t\t<div class=\"elementor-widget-wrap elementor-element-populated\">\n\t\t\t\t\t\t\t\t<div class=\"elementor-element elementor-element-6b2e929 elementor-widget elementor-widget-text-editor\" data-id=\"6b2e929\" data-element_type=\"widget\" data-widget_type=\"text-editor.default\">\n\t\t\t\t<div class=\"elementor-widget-container\">\n\t\t\t\t\t\t\t<p>Le judo est un art martial mais aussi une p\u00e9dagogie physique, mentale et morale.<br \/>Durant les cours, le judoka est \u00e0 la fois responsable de son \u00e9volution mais \u00e9galement du d\u00e9veloppement de la technicit\u00e9 de ses partenaires.<br \/>Le judo veille \u00e0 un d\u00e9veloppement du judoka en harmonie avec lui-m\u00eame mais \u00e9galement avec les autres.<br \/>Les techniques enseign\u00e9es sont adapt\u00e9es \u00e0 l&rsquo;\u00e2ge du judoka.<br \/>Le tout premier apprentissage qui suivra le judoka durant toute sa progression est celui de la chute :<\/p><ul><li>Comment bien chuter en avant ou en arri\u00e8re;<\/li><li>Comment ne pas se blesser.<\/li><\/ul><p>Cet apprentissage, le judoka pourra l&rsquo;appliquer dans d&rsquo;autres occasions de son quotidien.<\/p><p>La France est le 2i\u00e8me pays derri\u00e8re le Japon d\u00e9tenant le plus de m\u00e9dailles au judo lors des jeux olympiques.<\/p>\t\t\t\t\t\t<\/div>\n\t\t\t\t<\/div>\n\t\t\t\t\t<\/div>\n\t\t<\/div>\n\t\t\t\t\t\t\t<\/div>\n\t\t<\/section>\n\t\t\t\t<section class=\"elementor-section elementor-top-section elementor-element elementor-element-b427174 elementor-section-boxed elementor-section-height-default elementor-section-height-default\" data-id=\"b427174\" data-element_type=\"section\" data-settings=\"{&quot;background_background&quot;:&quot;classic&quot;}\">\n\t\t\t\t\t\t<div class=\"elementor-container elementor-column-gap-default\">\n\t\t\t\t\t<div class=\"elementor-column elementor-col-50 elementor-top-column elementor-element elementor-element-5cd0a2c\" data-id=\"5cd0a2c\" data-element_type=\"column\">\n\t\t\t<div class=\"elementor-widget-wrap elementor-element-populated\">\n\t\t\t\t\t\t\t\t<div class=\"elementor-element elementor-element-0a23fff elementor-widget elementor-widget-text-editor\" data-id=\"0a23fff\" data-element_type=\"widget\" data-widget_type=\"text-editor.default\">\n\t\t\t\t<div class=\"elementor-widget-container\">\n\t\t\t\t\t\t\t<p>La premi\u00e8re des deux s\u00e9ances est ouvertes \u00e0 tous nos judoka.<br \/>Construite sur une dimension tr\u00e8s ludique, l&rsquo;objectif de cette s\u00e9ance du samedi matin est de faire d\u00e9couvrir le judo, les techniques, les valeurs, de renforcer la coh\u00e9sion, l&rsquo;entre-aide entre tous les membres de notre club et de d\u00e9velopper la confiance en soi.<br \/>D&rsquo;une dur\u00e9e d&rsquo;une heure, cette s\u00e9ance s&rsquo;ach\u00e8ve soit par un randori (combat) soit sur un parcours en \u00e9quipe.<\/p>\t\t\t\t\t\t<\/div>\n\t\t\t\t<\/div>\n\t\t\t\t\t<\/div>\n\t\t<\/div>\n\t\t\t\t<div class=\"elementor-column elementor-col-50 elementor-top-column elementor-element elementor-element-abecd88\" data-id=\"abecd88\" data-element_type=\"column\">\n\t\t\t<div class=\"elementor-widget-wrap elementor-element-populated\">\n\t\t\t\t\t\t\t\t<div class=\"elementor-element elementor-element-07ef894 elementor-widget elementor-widget-image\" data-id=\"07ef894\" data-element_type=\"widget\" data-widget_type=\"image.default\">\n\t\t\t\t<div class=\"elementor-widget-container\">\n\t\t\t\t\t\t\t\t\t\t\t\t\t\t\t<img decoding=\"async\" width=\"1024\" height=\"683\" src=\"https:\/\/www.judo-taiso-cuvry.fr\/wp-content\/uploads\/2021\/08\/IMG_1684-1024x683.jpg\" class=\"attachment-large size-large wp-image-764\" alt=\"\" loading=\"lazy\" srcset=\"https:\/\/www.judo-taiso-cuvry.fr\/wp-content\/uploads\/2021\/08\/IMG_1684-1024x683.jpg 1024w, https:\/\/www.judo-taiso-cuvry.fr\/wp-content\/uploads\/2021\/08\/IMG_1684-300x200.jpg 300w, https:\/\/www.judo-taiso-cuvry.fr\/wp-content\/uploads\/2021\/08\/IMG_1684-768x512.jpg 768w, https:\/\/www.judo-taiso-cuvry.fr\/wp-content\/uploads\/2021\/08\/IMG_1684-1536x1024.jpg 1536w, https:\/\/www.judo-taiso-cuvry.fr\/wp-content\/uploads\/2021\/08\/IMG_1684.jpg 2048w\" sizes=\"(max-width: 1024px) 100vw, 1024px\" \/>\t\t\t\t\t\t\t\t\t\t\t\t\t\t\t<\/div>\n\t\t\t\t<\/div>\n\t\t\t\t\t<\/div>\n\t\t<\/div>\n\t\t\t\t\t\t\t<\/div>\n\t\t<\/section>\n\t\t\t\t<section class=\"elementor-section elementor-top-section elementor-element elementor-element-9452bc1 elementor-section-boxed elementor-section-height-default elementor-section-height-default\" data-id=\"9452bc1\" data-element_type=\"section\">\n\t\t\t\t\t\t<div class=\"elementor-container elementor-column-gap-default\">\n\t\t\t\t\t<div class=\"elementor-column elementor-col-100 elementor-top-column elementor-element elementor-element-c02bfdb\" data-id=\"c02bfdb\" data-element_type=\"column\">\n\t\t\t<div class=\"elementor-widget-wrap elementor-element-populated\">\n\t\t\t\t\t\t\t\t<div class=\"elementor-element elementor-element-6cda122 elementor-widget elementor-widget-toggle\" data-id=\"6cda122\" data-element_type=\"widget\" data-widget_type=\"toggle.default\">\n\t\t\t\t<div class=\"elementor-widget-container\">\n\t\t\t\t\t<div class=\"elementor-toggle\" role=\"tablist\">\n\t\t\t\t\t\t\t<div class=\"elementor-toggle-item\">\n\t\t\t\t\t<div id=\"elementor-tab-title-1141\" class=\"elementor-tab-title\" data-tab=\"1\" role=\"tab\" aria-controls=\"elementor-tab-content-1141\" aria-expanded=\"false\">\n\t\t\t\t\t\t\t\t\t\t\t\t<span class=\"elementor-toggle-icon elementor-toggle-icon-left\" aria-hidden=\"true\">\n\t\t\t\t\t\t\t\t\t\t\t\t\t\t\t<span class=\"elementor-toggle-icon-closed\"><i class=\"fas fa-caret-right\"><\/i><\/span>\n\t\t\t\t\t\t\t\t<span class=\"elementor-toggle-icon-opened\"><i class=\"elementor-toggle-icon-opened fas fa-caret-up\"><\/i><\/span>\n\t\t\t\t\t\t\t\t\t\t\t\t\t<\/span>\n\t\t\t\t\t\t\t\t\t\t\t\t<a href=\"\" class=\"elementor-toggle-title\">Qu'elles sont les valeurs du Judo?<\/a>\n\t\t\t\t\t<\/div>\n\n\t\t\t\t\t<div id=\"elementor-tab-content-1141\" class=\"elementor-tab-content elementor-clearfix\" data-tab=\"1\" role=\"tabpanel\" aria-labelledby=\"elementor-tab-title-1141\"><p>Elles sont au nombre de 8.<br \/>Le judoka doit les conna\u00eetre parfaitement et en comprendre le sens, les appliquer aussi dans le sport que dans sa vie :<\/p><ul><li>La politesse (rei-gi) : c&rsquo;est le respect d&rsquo;autrui.<\/li><li>Le courage (son-kei) : c&rsquo;est faire ce qui est juste.<\/li><li>La sinc\u00e9rit\u00e9 (makato) : c&rsquo;est s&rsquo;exprimer sans d\u00e9guiser sa pens\u00e9e.<\/li><li>L&rsquo;honneur (mei-yo) : c&rsquo;est \u00eatre fid\u00e8le \u00e0 la parole donn\u00e9e.<\/li><li>La modestie (ken-kyo) : c&rsquo;est parler de soi-m\u00eame sans orgueil.<\/li><li>Le respect (yu-ki) : sans respect aucune confiance ne peut na\u00eetre.<\/li><li>Le contr\u00f4le de soi (ji-sei) : c&rsquo;est savoir se taire lorsque monte la col\u00e8re.<\/li><li>L&rsquo;amiti\u00e9 (y\u00fb-j\u00f4) : c&rsquo;est le plus pur des sentiments humains.<\/li><\/ul><\/div>\n\t\t\t\t<\/div>\n\t\t\t\t\t\t\t\t<\/div>\n\t\t\t\t<\/div>\n\t\t\t\t<\/div>\n\t\t\t\t\t<\/div>\n\t\t<\/div>\n\t\t\t\t\t\t\t<\/div>\n\t\t<\/section>\n\t\t\t\t<section class=\"elementor-section elementor-top-section elementor-element elementor-element-af710c2 elementor-section-boxed elementor-section-height-default elementor-section-height-default\" data-id=\"af710c2\" data-element_type=\"section\" data-settings=\"{&quot;background_background&quot;:&quot;classic&quot;}\">\n\t\t\t\t\t\t<div class=\"elementor-container elementor-column-gap-default\">\n\t\t\t\t\t<div class=\"elementor-column elementor-col-50 elementor-top-column elementor-element elementor-element-094d17a\" data-id=\"094d17a\" data-element_type=\"column\">\n\t\t\t<div class=\"elementor-widget-wrap elementor-element-populated\">\n\t\t\t\t\t\t\t\t<div class=\"elementor-element elementor-element-97a421d elementor-widget elementor-widget-image\" data-id=\"97a421d\" data-element_type=\"widget\" data-widget_type=\"image.default\">\n\t\t\t\t<div class=\"elementor-widget-container\">\n\t\t\t\t\t\t\t\t\t\t\t\t\t\t\t<img decoding=\"async\" width=\"200\" height=\"300\" src=\"https:\/\/www.judo-taiso-cuvry.fr\/wp-content\/uploads\/2021\/08\/IMG_0426-200x300.jpg\" class=\"attachment-medium size-medium wp-image-783\" alt=\"\" loading=\"lazy\" srcset=\"https:\/\/www.judo-taiso-cuvry.fr\/wp-content\/uploads\/2021\/08\/IMG_0426-200x300.jpg 200w, https:\/\/www.judo-taiso-cuvry.fr\/wp-content\/uploads\/2021\/08\/IMG_0426-683x1024.jpg 683w, https:\/\/www.judo-taiso-cuvry.fr\/wp-content\/uploads\/2021\/08\/IMG_0426-768x1152.jpg 768w, https:\/\/www.judo-taiso-cuvry.fr\/wp-content\/uploads\/2021\/08\/IMG_0426.jpg 1024w\" sizes=\"(max-width: 200px) 100vw, 200px\" \/>\t\t\t\t\t\t\t\t\t\t\t\t\t\t\t<\/div>\n\t\t\t\t<\/div>\n\t\t\t\t\t<\/div>\n\t\t<\/div>\n\t\t\t\t<div class=\"elementor-column elementor-col-50 elementor-top-column elementor-element elementor-element-1302456\" data-id=\"1302456\" data-element_type=\"column\">\n\t\t\t<div class=\"elementor-widget-wrap elementor-element-populated\">\n\t\t\t\t\t\t\t\t<div class=\"elementor-element elementor-element-8fed032 elementor-widget elementor-widget-text-editor\" data-id=\"8fed032\" data-element_type=\"widget\" data-widget_type=\"text-editor.default\">\n\t\t\t\t<div class=\"elementor-widget-container\">\n\t\t\t\t\t\t\t<p>La seconde s\u00e9ance de judo s&rsquo;adresse principalement aux judokas \u00e2g\u00e9s de 7 ans ou plus.<br \/>Cette s\u00e9ance veille \u00e0 d\u00e9velopper la technicit\u00e9 et renforcer la pr\u00e9cision des apprentissages.<\/p><p>La d\u00e9clinaison de l&rsquo;apprentissage \u00e0 travers ces deux s\u00e9ances permet \u00e0 nos judokas d&rsquo;avancer \u00e0 leur rythme et de prendre un maximum de plaisir dans la pratique de notre discipline.<\/p>\t\t\t\t\t\t<\/div>\n\t\t\t\t<\/div>\n\t\t\t\t\t<\/div>\n\t\t<\/div>\n\t\t\t\t\t\t\t<\/div>\n\t\t<\/section>\n\t\t\t\t<section class=\"elementor-section elementor-top-section elementor-element elementor-element-0ef90ee elementor-section-boxed elementor-section-height-default elementor-section-height-default\" data-id=\"0ef90ee\" data-element_type=\"section\">\n\t\t\t\t\t\t<div class=\"elementor-container elementor-column-gap-default\">\n\t\t\t\t\t<div class=\"elementor-column elementor-col-100 elementor-top-column elementor-element elementor-element-225a994\" data-id=\"225a994\" data-element_type=\"column\">\n\t\t\t<div class=\"elementor-widget-wrap elementor-element-populated\">\n\t\t\t\t\t\t\t\t<div class=\"elementor-element elementor-element-ec7de18 elementor-widget elementor-widget-toggle\" data-id=\"ec7de18\" data-element_type=\"widget\" data-widget_type=\"toggle.default\">\n\t\t\t\t<div class=\"elementor-widget-container\">\n\t\t\t\t\t<div class=\"elementor-toggle\" role=\"tablist\">\n\t\t\t\t\t\t\t<div class=\"elementor-toggle-item\">\n\t\t\t\t\t<div id=\"elementor-tab-title-2471\" class=\"elementor-tab-title\" data-tab=\"1\" role=\"tab\" aria-controls=\"elementor-tab-content-2471\" aria-expanded=\"false\">\n\t\t\t\t\t\t\t\t\t\t\t\t<span class=\"elementor-toggle-icon elementor-toggle-icon-left\" aria-hidden=\"true\">\n\t\t\t\t\t\t\t\t\t\t\t\t\t\t\t<span class=\"elementor-toggle-icon-closed\"><i class=\"fas fa-caret-right\"><\/i><\/span>\n\t\t\t\t\t\t\t\t<span class=\"elementor-toggle-icon-opened\"><i class=\"elementor-toggle-icon-opened fas fa-caret-up\"><\/i><\/span>\n\t\t\t\t\t\t\t\t\t\t\t\t\t<\/span>\n\t\t\t\t\t\t\t\t\t\t\t\t<a href=\"\" class=\"elementor-toggle-title\">De quel \u00e9quipement ai-je besoin pour le judo?<\/a>\n\t\t\t\t\t<\/div>\n\n\t\t\t\t\t<div id=\"elementor-tab-content-2471\" class=\"elementor-tab-content elementor-clearfix\" data-tab=\"1\" role=\"tabpanel\" aria-labelledby=\"elementor-tab-title-2471\"><p>Pour pratiquer le judo, il te faut :<\/p><ul><li>un kimono;<\/li><li>des claquettes que tu laisseras au bord du tatami;<\/li><li>une bouteille d&rsquo;eau.<\/li><\/ul><\/div>\n\t\t\t\t<\/div>\n\t\t\t\t\t\t\t\t<\/div>\n\t\t\t\t<\/div>\n\t\t\t\t<\/div>\n\t\t\t\t\t<\/div>\n\t\t<\/div>\n\t\t\t\t\t\t\t<\/div>\n\t\t<\/section>\n\t\t\t\t\t\t\t<\/div>\n\t\t","protected":false},"excerpt":{"rendered":"<p>Judo Cliquez ici pour vous inscrire Information \u00e0 la section Judo Nous cours ont repris! Venez essayer un samedi matin \u00e0 10H00. &times; Rejeter l\u2019alerte La section Judo Le club de Judo Ta\u00efso de Cuvry s&rsquo;est form\u00e9 lors de l&rsquo;ouverture du gymnase Roland Richard de Cuvry en 2018.Sous l&rsquo;impulsion de son pr\u00e9sident, Vincent Dumser, le [&hellip;]<\/p>\n","protected":false},"author":1,"featured_media":0,"parent":0,"menu_order":0,"comment_status":"closed","ping_status":"closed","template":"","meta":[],"_links":{"self":[{"href":"https:\/\/www.judo-taiso-cuvry.fr\/index.php?rest_route=\/wp\/v2\/pages\/613"}],"collection":[{"href":"https:\/\/www.judo-taiso-cuvry.fr\/index.php?rest_route=\/wp\/v2\/pages"}],"about":[{"href":"https:\/\/www.judo-taiso-cuvry.fr\/index.php?rest_route=\/wp\/v2\/types\/page"}],"author":[{"embeddable":true,"href":"https:\/\/www.judo-taiso-cuvry.fr\/index.php?rest_route=\/wp\/v2\/users\/1"}],"replies":[{"embeddable":true,"href":"https:\/\/www.judo-taiso-cuvry.fr\/index.php?rest_route=%2Fwp%2Fv2%2Fcomments&post=613"}],"version-history":[{"count":22,"href":"https:\/\/www.judo-taiso-cuvry.fr\/index.php?rest_route=\/wp\/v2\/pages\/613\/revisions"}],"predecessor-version":[{"id":1560,"href":"https:\/\/www.judo-taiso-cuvry.fr\/index.php?rest_route=\/wp\/v2\/pages\/613\/revisions\/1560"}],"wp:attachment":[{"href":"https:\/\/www.judo-taiso-cuvry.fr\/index.php?rest_route=%2Fwp%2Fv2%2Fmedia&parent=613"}],"curies":[{"name":"wp","href":"https:\/\/api.w.org\/{rel}","templated":true}]}}